{"id":3526,"date":"2021-05-19T15:59:38","date_gmt":"2021-05-19T13:59:38","guid":{"rendered":"https:\/\/www.inspiration4you.eu\/blog\/"},"modified":"2024-01-17T17:36:07","modified_gmt":"2024-01-17T16:36:07","slug":"blog","status":"publish","type":"page","link":"https:\/\/www.inspiration4you.eu\/fr\/inspiration\/blog\/","title":{"rendered":"Blog"},"content":{"rendered":"<div class=\"fusion-fullwidth fullwidth-box fusion-builder-row-1 fusion-flex-container nonhundred-percent-fullwidth non-hundred-percent-height-scrolling\" style=\"--awb-border-color:#8bc34a;--awb-border-radius-top-left:0px;--awb-border-radius-top-right:0px;--awb-border-radius-bottom-right:0px;--awb-border-radius-bottom-left:0px;--awb-padding-top-small:0px;--awb-padding-right-small:12vw;--awb-padding-bottom-small:12vw;--awb-padding-left-small:12vw;--awb-flex-wrap:wrap;\" ><div class=\"fusion-builder-row fusion-row fusion-flex-align-items-flex-start fusion-flex-content-wrap\" style=\"max-width:1224px;margin-left: calc(-2% \/ 2 );margin-right: calc(-2% \/ 2 );\"><div class=\"fusion-layout-column fusion_builder_column fusion-builder-column-0 fusion_builder_column_1_1 1_1 fusion-flex-column\" style=\"--awb-bg-size:cover;--awb-width-large:100%;--awb-margin-top-large:0px;--awb-spacing-right-large:0.98%;--awb-margin-bottom-large:0px;--awb-spacing-left-large:0.98%;--awb-width-medium:100%;--awb-spacing-right-medium:0.98%;--awb-spacing-left-medium:0.98%;--awb-width-small:100%;--awb-spacing-right-small:0.98%;--awb-spacing-left-small:0.98%;\"><div class=\"fusion-column-wrapper fusion-column-has-shadow fusion-flex-justify-content-flex-start fusion-content-layout-column\"><div class=\"fusion-blog-shortcode fusion-blog-shortcode-1 fusion-blog-archive fusion-blog-layout-grid-wrapper fusion-blog-pagination\"><style type=\"text\/css\">.fusion-blog-shortcode-1 .fusion-blog-layout-grid .fusion-post-grid{padding:10px;}.fusion-blog-shortcode-1 .fusion-posts-container{margin-left: -10px !important; margin-right:-10px !important;}<\/style><div class=\"fusion-posts-container fusion-posts-container-pagination fusion-blog-rollover fusion-blog-layout-grid fusion-blog-layout-grid-2 isotope fusion-blog-equal-heights\" data-pages=\"1\" data-grid-col-space=\"20\" style=\"margin: -10px -10px 0;min-height:500px;\"><article id=\"blog-1-post-3317\" class=\"fusion-post-grid post-3317 post type-post status-publish format-standard has-post-thumbnail hentry category-non-classifiee\">\n<div class=\"fusion-post-wrapper\" style=\"background-color:rgba(255,255,255,0);border:1px solid #efefef;border-bottom-width:3px;\">\n\n\t\t\t<div class=\"fusion-flexslider flexslider fusion-flexslider-loading fusion-post-slideshow\" style=\"border-color:#efefef;\">\n\t\t<ul class=\"slides\">\n\t\t\t\n\t\t\t\t\t\t\t\t\t\t\t\t\t\t<li><div  class=\"fusion-image-wrapper\" aria-haspopup=\"true\">\n\t\t\t\t<img decoding=\"async\" width=\"1024\" height=\"683\" src=\"https:\/\/www.inspiration4you.eu\/wp-content\/uploads\/2021\/02\/sebastian-herrmann-NbtIDoFKGO8-unsplash.jpg\" class=\"attachment-full size-full wp-post-image\" alt=\"\" srcset=\"https:\/\/www.inspiration4you.eu\/wp-content\/uploads\/2021\/02\/sebastian-herrmann-NbtIDoFKGO8-unsplash-200x133.jpg 200w, https:\/\/www.inspiration4you.eu\/wp-content\/uploads\/2021\/02\/sebastian-herrmann-NbtIDoFKGO8-unsplash-400x267.jpg 400w, https:\/\/www.inspiration4you.eu\/wp-content\/uploads\/2021\/02\/sebastian-herrmann-NbtIDoFKGO8-unsplash-600x400.jpg 600w, https:\/\/www.inspiration4you.eu\/wp-content\/uploads\/2021\/02\/sebastian-herrmann-NbtIDoFKGO8-unsplash-800x534.jpg 800w, https:\/\/www.inspiration4you.eu\/wp-content\/uploads\/2021\/02\/sebastian-herrmann-NbtIDoFKGO8-unsplash.jpg 1024w\" sizes=\"(min-width: 2200px) 100vw, (min-width: 712px) 590px, (min-width: 640px) 712px, \" \/><div class=\"fusion-rollover\">\n\t<div class=\"fusion-rollover-content\">\n\n\t\t\t\t\t\t\t\t\t\t\t\t\t\t<a class=\"fusion-rollover-link\" href=\"https:\/\/www.inspiration4you.eu\/fr\/sept-conseils-pour-lier-et-passionner-vos-collaborateurs\/\">Sept conseils pour lier et passionner vos collaborateurs<\/a>\n\t\t\t\n\t\t\t\t\t\t\t\t\n\t\t\n\t\t\t\t\t\t\t\t\t\t\t\t<h4 class=\"fusion-rollover-title\">\n\t\t\t\t\t<a class=\"fusion-rollover-title-link\" href=\"https:\/\/www.inspiration4you.eu\/fr\/sept-conseils-pour-lier-et-passionner-vos-collaborateurs\/\">\n\t\t\t\t\t\tSept conseils pour lier et passionner vos collaborateurs\t\t\t\t\t<\/a>\n\t\t\t\t<\/h4>\n\t\t\t\n\t\t\t\t\t\t\t\t\n\t\t\n\t\t\t\t\t\t<a class=\"fusion-link-wrapper\" href=\"https:\/\/www.inspiration4you.eu\/fr\/sept-conseils-pour-lier-et-passionner-vos-collaborateurs\/\" aria-label=\"Sept conseils pour lier et passionner vos collaborateurs\"><\/a>\n\t<\/div>\n<\/div>\n<\/div>\n<\/li>\n\t\t\t\n\t\t\t\n\t\t\t\t\t\t\t\t\t\t\t\t\t\t\t\t\t\t\t\t\t\t\t\t\t\t\t\t\t\t\t\t\t\t\t\t\t\t\t\t\t\t\t\t\t\t\t\t\t\t\t\t\t\t\t\t\t\t\t\t\t\t\t\t\t\t\t\t<\/ul>\n\t<\/div>\n\t<div class=\"fusion-post-content-wrapper\" style=\"padding:20px 25px 25px 25px;\"><div class=\"fusion-post-content post-content\"><h2 class=\"blog-shortcode-post-title entry-title\">Sept conseils pour lier et passionner vos collaborateurs<\/h2><p class=\"fusion-single-line-meta\">By <span class=\"vcard\"><span class=\"fn\">Theo Hamaekers<\/span><\/span><span class=\"fusion-inline-sep\">|<\/span><span class=\"updated\" style=\"display:none;\">2021-06-29T11:28:22+02:00<\/span><span>23\/04\/2021<\/span><span class=\"fusion-inline-sep\">|<\/span><\/p><div class=\"fusion-content-sep sep-single sep-solid\"><\/div><div class=\"fusion-post-content-container\"><p> Attirer de bons collaborateurs motiv\u00e9s et les lier \u00e0 votre entreprise rel\u00e8ve aujourd'hui du d\u00e9fi. Trente pour cent des<a href=\"https:\/\/www.inspiration4you.eu\/fr\/sept-conseils-pour-lier-et-passionner-vos-collaborateurs\/\"> [lire plus]<\/a><\/p><\/div><\/div><\/div><div class=\"fusion-clearfix\"><\/div><\/div>\n<\/article>\n<article id=\"blog-1-post-3311\" class=\"fusion-post-grid post-3311 post type-post status-publish format-standard has-post-thumbnail hentry category-non-classifiee\">\n<div class=\"fusion-post-wrapper\" style=\"background-color:rgba(255,255,255,0);border:1px solid #efefef;border-bottom-width:3px;\">\n\n\t\t\t<div class=\"fusion-flexslider flexslider fusion-flexslider-loading fusion-post-slideshow\" style=\"border-color:#efefef;\">\n\t\t<ul class=\"slides\">\n\t\t\t\n\t\t\t\t\t\t\t\t\t\t\t\t\t\t<li><div  class=\"fusion-image-wrapper\" aria-haspopup=\"true\">\n\t\t\t\t<img decoding=\"async\" width=\"1024\" height=\"683\" src=\"https:\/\/www.inspiration4you.eu\/wp-content\/uploads\/2021\/03\/danielle-macinnes-IuLgi9PWETU-unsplash.jpg\" class=\"attachment-full size-full wp-post-image\" alt=\"\" srcset=\"https:\/\/www.inspiration4you.eu\/wp-content\/uploads\/2021\/03\/danielle-macinnes-IuLgi9PWETU-unsplash-200x133.jpg 200w, https:\/\/www.inspiration4you.eu\/wp-content\/uploads\/2021\/03\/danielle-macinnes-IuLgi9PWETU-unsplash-400x267.jpg 400w, https:\/\/www.inspiration4you.eu\/wp-content\/uploads\/2021\/03\/danielle-macinnes-IuLgi9PWETU-unsplash-600x400.jpg 600w, https:\/\/www.inspiration4you.eu\/wp-content\/uploads\/2021\/03\/danielle-macinnes-IuLgi9PWETU-unsplash-800x534.jpg 800w, https:\/\/www.inspiration4you.eu\/wp-content\/uploads\/2021\/03\/danielle-macinnes-IuLgi9PWETU-unsplash.jpg 1024w\" sizes=\"(min-width: 2200px) 100vw, (min-width: 712px) 590px, (min-width: 640px) 712px, \" \/><div class=\"fusion-rollover\">\n\t<div class=\"fusion-rollover-content\">\n\n\t\t\t\t\t\t\t\t\t\t\t\t\t\t<a class=\"fusion-rollover-link\" href=\"https:\/\/www.inspiration4you.eu\/fr\/le-leadership-personnel-parce-que-cest-bien-pour-vous\/\">Le leadership personnel parce que c&rsquo;est bien pour vous&#8230;<\/a>\n\t\t\t\n\t\t\t\t\t\t\t\t\n\t\t\n\t\t\t\t\t\t\t\t\t\t\t\t<h4 class=\"fusion-rollover-title\">\n\t\t\t\t\t<a class=\"fusion-rollover-title-link\" href=\"https:\/\/www.inspiration4you.eu\/fr\/le-leadership-personnel-parce-que-cest-bien-pour-vous\/\">\n\t\t\t\t\t\tLe leadership personnel parce que c&rsquo;est bien pour vous&#8230;\t\t\t\t\t<\/a>\n\t\t\t\t<\/h4>\n\t\t\t\n\t\t\t\t\t\t\t\t\n\t\t\n\t\t\t\t\t\t<a class=\"fusion-link-wrapper\" href=\"https:\/\/www.inspiration4you.eu\/fr\/le-leadership-personnel-parce-que-cest-bien-pour-vous\/\" aria-label=\"Le leadership personnel parce que c&rsquo;est bien pour vous&#8230;\"><\/a>\n\t<\/div>\n<\/div>\n<\/div>\n<\/li>\n\t\t\t\n\t\t\t\n\t\t\t\t\t\t\t\t\t\t\t\t\t\t\t\t\t\t\t\t\t\t\t\t\t\t\t\t\t\t\t\t\t\t\t\t\t\t\t\t\t\t\t\t\t\t\t\t\t\t\t\t\t\t\t\t\t\t\t\t\t\t\t\t\t\t\t\t<\/ul>\n\t<\/div>\n\t<div class=\"fusion-post-content-wrapper\" style=\"padding:20px 25px 25px 25px;\"><div class=\"fusion-post-content post-content\"><h2 class=\"blog-shortcode-post-title entry-title\">Le leadership personnel parce que c&rsquo;est bien pour vous&#8230;<\/h2><p class=\"fusion-single-line-meta\">By <span class=\"vcard\"><span class=\"fn\">Marino De Raes<\/span><\/span><span class=\"fusion-inline-sep\">|<\/span><span class=\"updated\" style=\"display:none;\">2021-06-29T11:28:35+02:00<\/span><span>23\/04\/2021<\/span><span class=\"fusion-inline-sep\">|<\/span><\/p><div class=\"fusion-content-sep sep-single sep-solid\"><\/div><div class=\"fusion-post-content-container\"><p> \u00catre soi-m\u00eame, la base de la croissance personnelle ; la r\u00e8gle des 80\/20 Beaucoup de choses que nous apprenons<a href=\"https:\/\/www.inspiration4you.eu\/fr\/le-leadership-personnel-parce-que-cest-bien-pour-vous\/\"> [lire plus]<\/a><\/p><\/div><\/div><\/div><div class=\"fusion-clearfix\"><\/div><\/div>\n<\/article>\n<div class=\"fusion-clearfix\"><\/div><\/div><\/div><\/div><\/div><\/div><\/div>\n","protected":false},"excerpt":{"rendered":"","protected":false},"author":3590,"featured_media":0,"parent":3545,"menu_order":0,"comment_status":"closed","ping_status":"closed","template":"100-width.php","meta":{"footnotes":""},"class_list":["post-3526","page","type-page","status-publish","hentry"],"yoast_head":"<!-- This site is optimized with the Yoast SEO plugin v27.4 - https:\/\/yoast.com\/product\/yoast-seo-wordpress\/ -->\n<title>Blog - Inspiration4You<\/title>\n<meta name=\"robots\" content=\"index, follow, max-snippet:-1, max-image-preview:large, max-video-preview:-1\" \/>\n<link rel=\"canonical\" href=\"https:\/\/www.inspiration4you.eu\/fr\/inspiration\/blog\/\" \/>\n<meta property=\"og:locale\" content=\"fr_FR\" \/>\n<meta property=\"og:type\" content=\"article\" \/>\n<meta property=\"og:title\" content=\"Blog - Inspiration4You\" \/>\n<meta property=\"og:url\" content=\"https:\/\/www.inspiration4you.eu\/fr\/inspiration\/blog\/\" \/>\n<meta property=\"og:site_name\" content=\"Inspiration4You\" \/>\n<meta property=\"article:modified_time\" content=\"2024-01-17T16:36:07+00:00\" \/>\n<meta name=\"twitter:card\" content=\"summary_large_image\" \/>\n<meta name=\"twitter:label1\" content=\"Dur\u00e9e de lecture estim\u00e9e\" \/>\n\t<meta name=\"twitter:data1\" content=\"3 minutes\" \/>\n<script type=\"application\/ld+json\" class=\"yoast-schema-graph\">{\"@context\":\"https:\\\/\\\/schema.org\",\"@graph\":[{\"@type\":\"WebPage\",\"@id\":\"https:\\\/\\\/www.inspiration4you.eu\\\/fr\\\/inspiration\\\/blog\\\/\",\"url\":\"https:\\\/\\\/www.inspiration4you.eu\\\/fr\\\/inspiration\\\/blog\\\/\",\"name\":\"Blog - Inspiration4You\",\"isPartOf\":{\"@id\":\"https:\\\/\\\/www.inspiration4you.eu\\\/fr\\\/#website\"},\"datePublished\":\"2021-05-19T13:59:38+00:00\",\"dateModified\":\"2024-01-17T16:36:07+00:00\",\"breadcrumb\":{\"@id\":\"https:\\\/\\\/www.inspiration4you.eu\\\/fr\\\/inspiration\\\/blog\\\/#breadcrumb\"},\"inLanguage\":\"fr-FR\",\"potentialAction\":[{\"@type\":\"ReadAction\",\"target\":[\"https:\\\/\\\/www.inspiration4you.eu\\\/fr\\\/inspiration\\\/blog\\\/\"]}]},{\"@type\":\"BreadcrumbList\",\"@id\":\"https:\\\/\\\/www.inspiration4you.eu\\\/fr\\\/inspiration\\\/blog\\\/#breadcrumb\",\"itemListElement\":[{\"@type\":\"ListItem\",\"position\":1,\"name\":\"Inspiration\",\"item\":\"https:\\\/\\\/www.inspiration4you.eu\\\/fr\\\/inspiration\\\/\"},{\"@type\":\"ListItem\",\"position\":2,\"name\":\"Blog\"}]},{\"@type\":\"WebSite\",\"@id\":\"https:\\\/\\\/www.inspiration4you.eu\\\/fr\\\/#website\",\"url\":\"https:\\\/\\\/www.inspiration4you.eu\\\/fr\\\/\",\"name\":\"Inspiration4You\",\"description\":\"\",\"publisher\":{\"@id\":\"https:\\\/\\\/www.inspiration4you.eu\\\/fr\\\/#organization\"},\"potentialAction\":[{\"@type\":\"SearchAction\",\"target\":{\"@type\":\"EntryPoint\",\"urlTemplate\":\"https:\\\/\\\/www.inspiration4you.eu\\\/fr\\\/?s={search_term_string}\"},\"query-input\":{\"@type\":\"PropertyValueSpecification\",\"valueRequired\":true,\"valueName\":\"search_term_string\"}}],\"inLanguage\":\"fr-FR\"},{\"@type\":\"Organization\",\"@id\":\"https:\\\/\\\/www.inspiration4you.eu\\\/fr\\\/#organization\",\"name\":\"Inspiration4You\",\"url\":\"https:\\\/\\\/www.inspiration4you.eu\\\/fr\\\/\",\"logo\":{\"@type\":\"ImageObject\",\"inLanguage\":\"fr-FR\",\"@id\":\"https:\\\/\\\/www.inspiration4you.eu\\\/fr\\\/#\\\/schema\\\/logo\\\/image\\\/\",\"url\":\"https:\\\/\\\/www.inspiration4you.eu\\\/wp-content\\\/uploads\\\/2021\\\/03\\\/Logo-Inspiration4You.png\",\"contentUrl\":\"https:\\\/\\\/www.inspiration4you.eu\\\/wp-content\\\/uploads\\\/2021\\\/03\\\/Logo-Inspiration4You.png\",\"width\":500,\"height\":152,\"caption\":\"Inspiration4You\"},\"image\":{\"@id\":\"https:\\\/\\\/www.inspiration4you.eu\\\/fr\\\/#\\\/schema\\\/logo\\\/image\\\/\"},\"sameAs\":[\"https:\\\/\\\/www.linkedin.com\\\/company\\\/inspiration4you\\\/?viewAsMember=true\"]}]}<\/script>\n<!-- \/ Yoast SEO plugin. -->","yoast_head_json":{"title":"Blog - Inspiration4You","robots":{"index":"index","follow":"follow","max-snippet":"max-snippet:-1","max-image-preview":"max-image-preview:large","max-video-preview":"max-video-preview:-1"},"canonical":"https:\/\/www.inspiration4you.eu\/fr\/inspiration\/blog\/","og_locale":"fr_FR","og_type":"article","og_title":"Blog - Inspiration4You","og_url":"https:\/\/www.inspiration4you.eu\/fr\/inspiration\/blog\/","og_site_name":"Inspiration4You","article_modified_time":"2024-01-17T16:36:07+00:00","twitter_card":"summary_large_image","twitter_misc":{"Dur\u00e9e de lecture estim\u00e9e":"3 minutes"},"schema":{"@context":"https:\/\/schema.org","@graph":[{"@type":"WebPage","@id":"https:\/\/www.inspiration4you.eu\/fr\/inspiration\/blog\/","url":"https:\/\/www.inspiration4you.eu\/fr\/inspiration\/blog\/","name":"Blog - Inspiration4You","isPartOf":{"@id":"https:\/\/www.inspiration4you.eu\/fr\/#website"},"datePublished":"2021-05-19T13:59:38+00:00","dateModified":"2024-01-17T16:36:07+00:00","breadcrumb":{"@id":"https:\/\/www.inspiration4you.eu\/fr\/inspiration\/blog\/#breadcrumb"},"inLanguage":"fr-FR","potentialAction":[{"@type":"ReadAction","target":["https:\/\/www.inspiration4you.eu\/fr\/inspiration\/blog\/"]}]},{"@type":"BreadcrumbList","@id":"https:\/\/www.inspiration4you.eu\/fr\/inspiration\/blog\/#breadcrumb","itemListElement":[{"@type":"ListItem","position":1,"name":"Inspiration","item":"https:\/\/www.inspiration4you.eu\/fr\/inspiration\/"},{"@type":"ListItem","position":2,"name":"Blog"}]},{"@type":"WebSite","@id":"https:\/\/www.inspiration4you.eu\/fr\/#website","url":"https:\/\/www.inspiration4you.eu\/fr\/","name":"Inspiration4You","description":"","publisher":{"@id":"https:\/\/www.inspiration4you.eu\/fr\/#organization"},"potentialAction":[{"@type":"SearchAction","target":{"@type":"EntryPoint","urlTemplate":"https:\/\/www.inspiration4you.eu\/fr\/?s={search_term_string}"},"query-input":{"@type":"PropertyValueSpecification","valueRequired":true,"valueName":"search_term_string"}}],"inLanguage":"fr-FR"},{"@type":"Organization","@id":"https:\/\/www.inspiration4you.eu\/fr\/#organization","name":"Inspiration4You","url":"https:\/\/www.inspiration4you.eu\/fr\/","logo":{"@type":"ImageObject","inLanguage":"fr-FR","@id":"https:\/\/www.inspiration4you.eu\/fr\/#\/schema\/logo\/image\/","url":"https:\/\/www.inspiration4you.eu\/wp-content\/uploads\/2021\/03\/Logo-Inspiration4You.png","contentUrl":"https:\/\/www.inspiration4you.eu\/wp-content\/uploads\/2021\/03\/Logo-Inspiration4You.png","width":500,"height":152,"caption":"Inspiration4You"},"image":{"@id":"https:\/\/www.inspiration4you.eu\/fr\/#\/schema\/logo\/image\/"},"sameAs":["https:\/\/www.linkedin.com\/company\/inspiration4you\/?viewAsMember=true"]}]}},"_links":{"self":[{"href":"https:\/\/www.inspiration4you.eu\/fr\/wp-json\/wp\/v2\/pages\/3526","targetHints":{"allow":["GET"]}}],"collection":[{"href":"https:\/\/www.inspiration4you.eu\/fr\/wp-json\/wp\/v2\/pages"}],"about":[{"href":"https:\/\/www.inspiration4you.eu\/fr\/wp-json\/wp\/v2\/types\/page"}],"author":[{"embeddable":true,"href":"https:\/\/www.inspiration4you.eu\/fr\/wp-json\/wp\/v2\/users\/3590"}],"replies":[{"embeddable":true,"href":"https:\/\/www.inspiration4you.eu\/fr\/wp-json\/wp\/v2\/comments?post=3526"}],"version-history":[{"count":1,"href":"https:\/\/www.inspiration4you.eu\/fr\/wp-json\/wp\/v2\/pages\/3526\/revisions"}],"predecessor-version":[{"id":3527,"href":"https:\/\/www.inspiration4you.eu\/fr\/wp-json\/wp\/v2\/pages\/3526\/revisions\/3527"}],"up":[{"embeddable":true,"href":"https:\/\/www.inspiration4you.eu\/fr\/wp-json\/wp\/v2\/pages\/3545"}],"wp:attachment":[{"href":"https:\/\/www.inspiration4you.eu\/fr\/wp-json\/wp\/v2\/media?parent=3526"}],"curies":[{"name":"wp","href":"https:\/\/api.w.org\/{rel}","templated":true}]}}